{"id":4804,"date":"2025-02-05T10:08:41","date_gmt":"2025-02-05T09:08:42","guid":{"rendered":"https:\/\/oh-au2mate.de\/?post_type=product&#038;p=4804"},"modified":"2025-02-05T10:49:38","modified_gmt":"2025-02-05T09:49:38","slug":"vacufil-en","status":"publish","type":"product","link":"https:\/\/oh-au2mate.de\/en\/shop\/vacufil-en\/","title":{"rendered":"Torch extraction VacuFil Compact"},"content":{"rendered":"<p>The VacuFil Compact high vacuum welding fume extractor is ideal for extracting medium quantities of welding fumes and dust. It is equipped with a large-volume storage filter and is easy to use, even with gloves, thanks to the practical one-button operation. Numerous additional functions, such as automatic control of the air volume flow, are optionally available. The integrated side channel blower ensures reliable and powerful vacuum generation for industrial use.<\/p>\n<p>Suitable for:<\/p>\n<ul>\n<li>Large quantities of smoke\/dust<\/li>\n<li>Regular use<\/li>\n<li>Burner extraction<\/li>\n<li>Changing workplaces<\/li>\n<\/ul>\n<p><iframe loading=\"lazy\" title=\"VacuFil Compact - Hochvakuum Absaugger\u00e4t von KEMPER f\u00fcr den regelm\u00e4\u00dfigen Einsatz mit Speicherfilter\" width=\"500\" height=\"281\" src=\"https:\/\/www.youtube.com\/embed\/k8zrYub69Rs?feature=oembed\" frameborder=\"0\" allow=\"accelerometer; autoplay; clipboard-write; encrypted-media; gyroscope; picture-in-picture; web-share\" referrerpolicy=\"strict-origin-when-cross-origin\" allowfullscreen><\/iframe><\/p>\n","protected":false},"excerpt":{"rendered":"<p>The VacuFil Compact high vacuum welding fume extractor is ideal for extracting medium quantities of welding fumes and dust. It is equipped with a large-volume storage filter and is easy to use, even with gloves, thanks to the practical one-button operation. Numerous additional functions, such as automatic control of the air volume flow, are optionally [&hellip;]<\/p>\n","protected":false},"featured_media":4816,"template":"","meta":{"site-sidebar-layout":"default","site-content-layout":"default","ast-site-content-layout":"default","site-content-style":"default","site-sidebar-style":"default","ast-global-header-display":"","ast-banner-title-visibility":"","ast-main-header-display":"","ast-hfb-above-header-display":"","ast-hfb-below-header-display":"","ast-hfb-mobile-header-display":"","site-post-title":"","ast-breadcrumbs-content":"","ast-featured-img":"","footer-sml-layout":"","ast-disable-related-posts":"","theme-transparent-header-meta":"default","adv-header-id-meta":"","stick-header-meta":"","header-above-stick-meta":"","header-main-stick-meta":"","header-below-stick-meta":"","astra-migrate-meta-layouts":"set","ast-page-background-enabled":"default","ast-page-background-meta":{"desktop":{"background-color":"","background-image":"","background-repeat":"repeat","background-position":"center center","background-size":"auto","background-attachment":"scroll","background-type":"","background-media":"","overlay-type":"","overlay-color":"","overlay-opacity":"","overlay-gradient":""},"tablet":{"background-color":"","background-image":"","background-repeat":"repeat","background-position":"center center","background-size":"auto","background-attachment":"scroll","background-type":"","background-media":"","overlay-type":"","overlay-color":"","overlay-opacity":"","overlay-gradient":""},"mobile":{"background-color":"","background-image":"","background-repeat":"repeat","background-position":"center center","background-size":"auto","background-attachment":"scroll","background-type":"","background-media":"","overlay-type":"","overlay-color":"","overlay-opacity":"","overlay-gradient":""}},"ast-content-background-meta":{"desktop":{"background-color":"var(--ast-global-color-5)","background-image":"","background-repeat":"repeat","background-position":"center center","background-size":"auto","background-attachment":"scroll","background-type":"","background-media":"","overlay-type":"","overlay-color":"","overlay-opacity":"","overlay-gradient":""},"tablet":{"background-color":"var(--ast-global-color-5)","background-image":"","background-repeat":"repeat","background-position":"center center","background-size":"auto","background-attachment":"scroll","background-type":"","background-media":"","overlay-type":"","overlay-color":"","overlay-opacity":"","overlay-gradient":""},"mobile":{"background-color":"var(--ast-global-color-5)","background-image":"","background-repeat":"repeat","background-position":"center center","background-size":"auto","background-attachment":"scroll","background-type":"","background-media":"","overlay-type":"","overlay-color":"","overlay-opacity":"","overlay-gradient":""}}},"product_brand":[],"product_cat":[104],"product_tag":[],"class_list":{"0":"post-4804","1":"product","2":"type-product","3":"status-publish","4":"has-post-thumbnail","6":"product_cat-ur-schweisstechnik-en","7":"desktop-align-left","8":"tablet-align-left","9":"mobile-align-left","11":"first","12":"instock","13":"taxable","14":"shipping-taxable","15":"purchasable","16":"product-type-simple"},"yoast_head":"<!-- This site is optimized with the Yoast SEO plugin v26.5 - https:\/\/yoast.com\/wordpress\/plugins\/seo\/ -->\n<title>Torch extraction VacuFil Compact - OH-au2mate<\/title>\n<meta name=\"description\" content=\"vacufil\" \/>\n<meta name=\"robots\" content=\"index, follow, max-snippet:-1, max-image-preview:large, max-video-preview:-1\" \/>\n<link rel=\"canonical\" href=\"https:\/\/oh-au2mate.de\/en\/shop\/vacufil-en\/\" \/>\n<meta property=\"og:locale\" content=\"en_US\" \/>\n<meta property=\"og:type\" content=\"article\" \/>\n<meta property=\"og:title\" content=\"Torch extraction VacuFil Compact - OH-au2mate\" \/>\n<meta property=\"og:description\" content=\"vacufil\" \/>\n<meta property=\"og:url\" content=\"https:\/\/oh-au2mate.de\/en\/shop\/vacufil-en\/\" \/>\n<meta property=\"og:site_name\" content=\"OH-au2mate\" \/>\n<meta property=\"article:publisher\" content=\"https:\/\/www.facebook.com\/oh.au2mate\" \/>\n<meta property=\"article:modified_time\" content=\"2025-02-05T09:49:38+00:00\" \/>\n<meta property=\"og:image\" content=\"https:\/\/oh-au2mate.de\/wp-content\/uploads\/2025\/02\/VacuFil-Compact.jpg\" \/>\n\t<meta property=\"og:image:width\" content=\"470\" \/>\n\t<meta property=\"og:image:height\" content=\"445\" \/>\n\t<meta property=\"og:image:type\" content=\"image\/jpeg\" \/>\n<meta name=\"twitter:card\" content=\"summary_large_image\" \/>\n<meta name=\"twitter:label1\" content=\"Est. reading time\" \/>\n\t<meta name=\"twitter:data1\" content=\"1 minute\" \/>\n<script type=\"application\/ld+json\" class=\"yoast-schema-graph\">{\"@context\":\"https:\/\/schema.org\",\"@graph\":[{\"@type\":\"WebPage\",\"@id\":\"https:\/\/oh-au2mate.de\/en\/shop\/vacufil-en\/\",\"url\":\"https:\/\/oh-au2mate.de\/en\/shop\/vacufil-en\/\",\"name\":\"Torch extraction VacuFil Compact - OH-au2mate\",\"isPartOf\":{\"@id\":\"https:\/\/oh-au2mate.de\/en\/#website\"},\"primaryImageOfPage\":{\"@id\":\"https:\/\/oh-au2mate.de\/en\/shop\/vacufil-en\/#primaryimage\"},\"image\":{\"@id\":\"https:\/\/oh-au2mate.de\/en\/shop\/vacufil-en\/#primaryimage\"},\"thumbnailUrl\":\"https:\/\/oh-au2mate.de\/wp-content\/uploads\/2025\/02\/VacuFil-Compact.jpg\",\"datePublished\":\"2025-02-05T09:08:42+00:00\",\"dateModified\":\"2025-02-05T09:49:38+00:00\",\"description\":\"vacufil\",\"breadcrumb\":{\"@id\":\"https:\/\/oh-au2mate.de\/en\/shop\/vacufil-en\/#breadcrumb\"},\"inLanguage\":\"en-US\",\"potentialAction\":[{\"@type\":\"ReadAction\",\"target\":[\"https:\/\/oh-au2mate.de\/en\/shop\/vacufil-en\/\"]}]},{\"@type\":\"ImageObject\",\"inLanguage\":\"en-US\",\"@id\":\"https:\/\/oh-au2mate.de\/en\/shop\/vacufil-en\/#primaryimage\",\"url\":\"https:\/\/oh-au2mate.de\/wp-content\/uploads\/2025\/02\/VacuFil-Compact.jpg\",\"contentUrl\":\"https:\/\/oh-au2mate.de\/wp-content\/uploads\/2025\/02\/VacuFil-Compact.jpg\",\"width\":470,\"height\":445},{\"@type\":\"BreadcrumbList\",\"@id\":\"https:\/\/oh-au2mate.de\/en\/shop\/vacufil-en\/#breadcrumb\",\"itemListElement\":[{\"@type\":\"ListItem\",\"position\":1,\"name\":\"Startseite\",\"item\":\"https:\/\/oh-au2mate.de\/en\/\"},{\"@type\":\"ListItem\",\"position\":2,\"name\":\"Store\",\"item\":\"https:\/\/oh-au2mate.de\/store\/\"},{\"@type\":\"ListItem\",\"position\":3,\"name\":\"Torch extraction VacuFil Compact\"}]},{\"@type\":\"WebSite\",\"@id\":\"https:\/\/oh-au2mate.de\/en\/#website\",\"url\":\"https:\/\/oh-au2mate.de\/en\/\",\"name\":\"OH-au2mate\",\"description\":\"\",\"publisher\":{\"@id\":\"https:\/\/oh-au2mate.de\/en\/#organization\"},\"potentialAction\":[{\"@type\":\"SearchAction\",\"target\":{\"@type\":\"EntryPoint\",\"urlTemplate\":\"https:\/\/oh-au2mate.de\/en\/?s={search_term_string}\"},\"query-input\":{\"@type\":\"PropertyValueSpecification\",\"valueRequired\":true,\"valueName\":\"search_term_string\"}}],\"inLanguage\":\"en-US\"},{\"@type\":\"Organization\",\"@id\":\"https:\/\/oh-au2mate.de\/en\/#organization\",\"name\":\"OH-au2mate\",\"url\":\"https:\/\/oh-au2mate.de\/en\/\",\"logo\":{\"@type\":\"ImageObject\",\"inLanguage\":\"en-US\",\"@id\":\"https:\/\/oh-au2mate.de\/en\/#\/schema\/logo\/image\/\",\"url\":\"https:\/\/oh-au2mate.de\/wp-content\/uploads\/2018\/05\/LOGO_au2mate_.svg\",\"contentUrl\":\"https:\/\/oh-au2mate.de\/wp-content\/uploads\/2018\/05\/LOGO_au2mate_.svg\",\"width\":850,\"height\":255,\"caption\":\"OH-au2mate\"},\"image\":{\"@id\":\"https:\/\/oh-au2mate.de\/en\/#\/schema\/logo\/image\/\"},\"sameAs\":[\"https:\/\/www.facebook.com\/oh.au2mate\",\"https:\/\/www.instagram.com\/oh.au2mate\/\",\"https:\/\/www.youtube.com\/channel\/UCEpYQqKXM-tYywjMiD1nrAA\"]}]}<\/script>\n<!-- \/ Yoast SEO plugin. -->","yoast_head_json":{"title":"Torch extraction VacuFil Compact - OH-au2mate","description":"vacufil","robots":{"index":"index","follow":"follow","max-snippet":"max-snippet:-1","max-image-preview":"max-image-preview:large","max-video-preview":"max-video-preview:-1"},"canonical":"https:\/\/oh-au2mate.de\/en\/shop\/vacufil-en\/","og_locale":"en_US","og_type":"article","og_title":"Torch extraction VacuFil Compact - OH-au2mate","og_description":"vacufil","og_url":"https:\/\/oh-au2mate.de\/en\/shop\/vacufil-en\/","og_site_name":"OH-au2mate","article_publisher":"https:\/\/www.facebook.com\/oh.au2mate","article_modified_time":"2025-02-05T09:49:38+00:00","og_image":[{"width":470,"height":445,"url":"https:\/\/oh-au2mate.de\/wp-content\/uploads\/2025\/02\/VacuFil-Compact.jpg","type":"image\/jpeg"}],"twitter_card":"summary_large_image","twitter_misc":{"Est. reading time":"1 minute"},"schema":{"@context":"https:\/\/schema.org","@graph":[{"@type":"WebPage","@id":"https:\/\/oh-au2mate.de\/en\/shop\/vacufil-en\/","url":"https:\/\/oh-au2mate.de\/en\/shop\/vacufil-en\/","name":"Torch extraction VacuFil Compact - OH-au2mate","isPartOf":{"@id":"https:\/\/oh-au2mate.de\/en\/#website"},"primaryImageOfPage":{"@id":"https:\/\/oh-au2mate.de\/en\/shop\/vacufil-en\/#primaryimage"},"image":{"@id":"https:\/\/oh-au2mate.de\/en\/shop\/vacufil-en\/#primaryimage"},"thumbnailUrl":"https:\/\/oh-au2mate.de\/wp-content\/uploads\/2025\/02\/VacuFil-Compact.jpg","datePublished":"2025-02-05T09:08:42+00:00","dateModified":"2025-02-05T09:49:38+00:00","description":"vacufil","breadcrumb":{"@id":"https:\/\/oh-au2mate.de\/en\/shop\/vacufil-en\/#breadcrumb"},"inLanguage":"en-US","potentialAction":[{"@type":"ReadAction","target":["https:\/\/oh-au2mate.de\/en\/shop\/vacufil-en\/"]}]},{"@type":"ImageObject","inLanguage":"en-US","@id":"https:\/\/oh-au2mate.de\/en\/shop\/vacufil-en\/#primaryimage","url":"https:\/\/oh-au2mate.de\/wp-content\/uploads\/2025\/02\/VacuFil-Compact.jpg","contentUrl":"https:\/\/oh-au2mate.de\/wp-content\/uploads\/2025\/02\/VacuFil-Compact.jpg","width":470,"height":445},{"@type":"BreadcrumbList","@id":"https:\/\/oh-au2mate.de\/en\/shop\/vacufil-en\/#breadcrumb","itemListElement":[{"@type":"ListItem","position":1,"name":"Startseite","item":"https:\/\/oh-au2mate.de\/en\/"},{"@type":"ListItem","position":2,"name":"Store","item":"https:\/\/oh-au2mate.de\/store\/"},{"@type":"ListItem","position":3,"name":"Torch extraction VacuFil Compact"}]},{"@type":"WebSite","@id":"https:\/\/oh-au2mate.de\/en\/#website","url":"https:\/\/oh-au2mate.de\/en\/","name":"OH-au2mate","description":"","publisher":{"@id":"https:\/\/oh-au2mate.de\/en\/#organization"},"potentialAction":[{"@type":"SearchAction","target":{"@type":"EntryPoint","urlTemplate":"https:\/\/oh-au2mate.de\/en\/?s={search_term_string}"},"query-input":{"@type":"PropertyValueSpecification","valueRequired":true,"valueName":"search_term_string"}}],"inLanguage":"en-US"},{"@type":"Organization","@id":"https:\/\/oh-au2mate.de\/en\/#organization","name":"OH-au2mate","url":"https:\/\/oh-au2mate.de\/en\/","logo":{"@type":"ImageObject","inLanguage":"en-US","@id":"https:\/\/oh-au2mate.de\/en\/#\/schema\/logo\/image\/","url":"https:\/\/oh-au2mate.de\/wp-content\/uploads\/2018\/05\/LOGO_au2mate_.svg","contentUrl":"https:\/\/oh-au2mate.de\/wp-content\/uploads\/2018\/05\/LOGO_au2mate_.svg","width":850,"height":255,"caption":"OH-au2mate"},"image":{"@id":"https:\/\/oh-au2mate.de\/en\/#\/schema\/logo\/image\/"},"sameAs":["https:\/\/www.facebook.com\/oh.au2mate","https:\/\/www.instagram.com\/oh.au2mate\/","https:\/\/www.youtube.com\/channel\/UCEpYQqKXM-tYywjMiD1nrAA"]}]}},"jetpack_sharing_enabled":true,"_links":{"self":[{"href":"https:\/\/oh-au2mate.de\/en\/wp-json\/wp\/v2\/product\/4804","targetHints":{"allow":["GET"]}}],"collection":[{"href":"https:\/\/oh-au2mate.de\/en\/wp-json\/wp\/v2\/product"}],"about":[{"href":"https:\/\/oh-au2mate.de\/en\/wp-json\/wp\/v2\/types\/product"}],"wp:featuredmedia":[{"embeddable":true,"href":"https:\/\/oh-au2mate.de\/en\/wp-json\/wp\/v2\/media\/4816"}],"wp:attachment":[{"href":"https:\/\/oh-au2mate.de\/en\/wp-json\/wp\/v2\/media?parent=4804"}],"wp:term":[{"taxonomy":"product_brand","embeddable":true,"href":"https:\/\/oh-au2mate.de\/en\/wp-json\/wp\/v2\/product_brand?post=4804"},{"taxonomy":"product_cat","embeddable":true,"href":"https:\/\/oh-au2mate.de\/en\/wp-json\/wp\/v2\/product_cat?post=4804"},{"taxonomy":"product_tag","embeddable":true,"href":"https:\/\/oh-au2mate.de\/en\/wp-json\/wp\/v2\/product_tag?post=4804"}],"curies":[{"name":"wp","href":"https:\/\/api.w.org\/{rel}","templated":true}]}}